{"id":620,"date":"2024-03-28T19:25:38","date_gmt":"2024-03-29T02:25:38","guid":{"rendered":"https:\/\/vasanna.shop\/product\/duo-cuidado-intimo-menores-de-50\/"},"modified":"2025-04-16T12:34:41","modified_gmt":"2025-04-16T19:34:41","slug":"kit-para-el-cuidado-vulvar-menos-50-anos","status":"publish","type":"product","link":"https:\/\/vasanna.shop\/es\/producto\/kit-para-el-cuidado-vulvar-menos-50-anos\/","title":{"rendered":"Kit para el cuidado de la vulva"},"content":{"rendered":"","protected":false},"excerpt":{"rendered":"<p>El kit de Loci\u00f3n limpiadora + Hidratante \u00edntimo est\u00e1 dise\u00f1ado para el cuidado diario de la vulva. Ideal para cualquier mujer menor de 50 a\u00f1os que busca mantener la hidrataci\u00f3n profunda de su zona \u00edntima. <\/p>\n<p>\u2714\ufe0f 2 meses de uso de diario<br \/>\n\u2714\ufe0f Ayuda a mantener la humectaci\u00f3n y el confort diario<br \/>\n\u2714\ufe0f Limpieza suave sin alterar la piel delicada<br \/>\n\u2714\ufe0f <strong>Env\u00edo gratis<\/p>\n<p><\/strong>Nutre y protege tu piel \u00edntima todos los d\u00edas.<br \/>\nDesarrollado por la Ginec\u00f3loga Dra. Naty Cifuentes.<\/p>\n","protected":false},"featured_media":631,"template":"","meta":{"_acf_changed":false,"iawp_total_views":127},"product_brand":[],"product_cat":[26],"product_tag":[30],"class_list":{"0":"post-620","1":"product","2":"type-product","3":"status-publish","4":"has-post-thumbnail","6":"product_cat-uncategorized-es","7":"product_tag-freeshipping-es","8":"product_shipping_class-envio-gratuito","9":"entry","10":"has-media","12":"first","13":"instock","14":"sale","15":"shipping-taxable","16":"purchasable","17":"product-type-simple"},"acf":[],"yoast_head":"<!-- This site is optimized with the Yoast SEO plugin v27.5 - https:\/\/yoast.com\/product\/yoast-seo-wordpress\/ -->\n<title>Kit para el cuidado de la vulva - Vasanna<\/title>\n<meta name=\"robots\" content=\"noindex, follow, max-snippet:-1, max-image-preview:large, max-video-preview:-1\" \/>\n<meta property=\"og:locale\" content=\"es_ES\" \/>\n<meta property=\"og:type\" content=\"article\" \/>\n<meta property=\"og:title\" content=\"Kit para el cuidado de la vulva - Vasanna\" \/>\n<meta property=\"og:description\" content=\"El kit de Loci\u00f3n limpiadora + Hidratante \u00edntimo est\u00e1 dise\u00f1ado para el cuidado diario de la vulva. Ideal para cualquier mujer menor de 50 a\u00f1os que busca mantener la hidrataci\u00f3n profunda de su zona \u00edntima.  \u2714\ufe0f 2 meses de uso de diario \u2714\ufe0f Ayuda a mantener la humectaci\u00f3n y el confort diario \u2714\ufe0f Limpieza suave sin alterar la piel delicada \u2714\ufe0f Env\u00edo gratis Nutre y protege tu piel \u00edntima todos los d\u00edas. Desarrollado por la Ginec\u00f3loga Dra. Naty Cifuentes.\" \/>\n<meta property=\"og:url\" content=\"https:\/\/vasanna.shop\/es\/producto\/kit-para-el-cuidado-vulvar-menos-50-anos\/\" \/>\n<meta property=\"og:site_name\" content=\"Vasanna\" \/>\n<meta property=\"article:modified_time\" content=\"2025-04-16T19:34:41+00:00\" \/>\n<meta property=\"og:image\" content=\"https:\/\/vasanna.shop\/wp-content\/uploads\/2025\/04\/combomenos-esp2.jpg\" \/>\n\t<meta property=\"og:image:width\" content=\"1400\" \/>\n\t<meta property=\"og:image:height\" content=\"1650\" \/>\n\t<meta property=\"og:image:type\" content=\"image\/jpeg\" \/>\n<meta name=\"twitter:card\" content=\"summary_large_image\" \/>\n<meta name=\"twitter:label1\" content=\"Tiempo de lectura\" \/>\n\t<meta name=\"twitter:data1\" content=\"1 minuto\" \/>\n<script type=\"application\/ld+json\" class=\"yoast-schema-graph\">{\"@context\":\"https:\\\/\\\/schema.org\",\"@graph\":[{\"@type\":\"WebPage\",\"@id\":\"https:\\\/\\\/vasanna.shop\\\/es\\\/producto\\\/kit-para-el-cuidado-vulvar-menos-50-anos\\\/\",\"url\":\"https:\\\/\\\/vasanna.shop\\\/es\\\/producto\\\/kit-para-el-cuidado-vulvar-menos-50-anos\\\/\",\"name\":\"Kit para el cuidado de la vulva - Vasanna\",\"isPartOf\":{\"@id\":\"https:\\\/\\\/vasanna.shop\\\/es\\\/#website\"},\"primaryImageOfPage\":{\"@id\":\"https:\\\/\\\/vasanna.shop\\\/es\\\/producto\\\/kit-para-el-cuidado-vulvar-menos-50-anos\\\/#primaryimage\"},\"image\":{\"@id\":\"https:\\\/\\\/vasanna.shop\\\/es\\\/producto\\\/kit-para-el-cuidado-vulvar-menos-50-anos\\\/#primaryimage\"},\"thumbnailUrl\":\"https:\\\/\\\/vasanna.shop\\\/wp-content\\\/uploads\\\/2025\\\/04\\\/combomenos-esp2.jpg\",\"datePublished\":\"2024-03-29T02:25:38+00:00\",\"dateModified\":\"2025-04-16T19:34:41+00:00\",\"breadcrumb\":{\"@id\":\"https:\\\/\\\/vasanna.shop\\\/es\\\/producto\\\/kit-para-el-cuidado-vulvar-menos-50-anos\\\/#breadcrumb\"},\"inLanguage\":\"es\",\"potentialAction\":[{\"@type\":\"ReadAction\",\"target\":[\"https:\\\/\\\/vasanna.shop\\\/es\\\/producto\\\/kit-para-el-cuidado-vulvar-menos-50-anos\\\/\"]}]},{\"@type\":\"ImageObject\",\"inLanguage\":\"es\",\"@id\":\"https:\\\/\\\/vasanna.shop\\\/es\\\/producto\\\/kit-para-el-cuidado-vulvar-menos-50-anos\\\/#primaryimage\",\"url\":\"https:\\\/\\\/vasanna.shop\\\/wp-content\\\/uploads\\\/2025\\\/04\\\/combomenos-esp2.jpg\",\"contentUrl\":\"https:\\\/\\\/vasanna.shop\\\/wp-content\\\/uploads\\\/2025\\\/04\\\/combomenos-esp2.jpg\",\"width\":1400,\"height\":1650},{\"@type\":\"BreadcrumbList\",\"@id\":\"https:\\\/\\\/vasanna.shop\\\/es\\\/producto\\\/kit-para-el-cuidado-vulvar-menos-50-anos\\\/#breadcrumb\",\"itemListElement\":[{\"@type\":\"ListItem\",\"position\":1,\"name\":\"Portada\",\"item\":\"https:\\\/\\\/vasanna.shop\\\/es\\\/tienda\\\/\"},{\"@type\":\"ListItem\",\"position\":2,\"name\":\"Shop\",\"item\":\"https:\\\/\\\/vasanna.shop\\\/\"},{\"@type\":\"ListItem\",\"position\":3,\"name\":\"Kit para el cuidado de la vulva\"}]},{\"@type\":\"WebSite\",\"@id\":\"https:\\\/\\\/vasanna.shop\\\/es\\\/#website\",\"url\":\"https:\\\/\\\/vasanna.shop\\\/es\\\/\",\"name\":\"Vasanna\",\"description\":\"\",\"publisher\":{\"@id\":\"https:\\\/\\\/vasanna.shop\\\/es\\\/#organization\"},\"potentialAction\":[{\"@type\":\"SearchAction\",\"target\":{\"@type\":\"EntryPoint\",\"urlTemplate\":\"https:\\\/\\\/vasanna.shop\\\/es\\\/?s={search_term_string}\"},\"query-input\":{\"@type\":\"PropertyValueSpecification\",\"valueRequired\":true,\"valueName\":\"search_term_string\"}}],\"inLanguage\":\"es\"},{\"@type\":\"Organization\",\"@id\":\"https:\\\/\\\/vasanna.shop\\\/es\\\/#organization\",\"name\":\"Vasanna\",\"url\":\"https:\\\/\\\/vasanna.shop\\\/es\\\/\",\"logo\":{\"@type\":\"ImageObject\",\"inLanguage\":\"es\",\"@id\":\"https:\\\/\\\/vasanna.shop\\\/es\\\/#\\\/schema\\\/logo\\\/image\\\/\",\"url\":\"https:\\\/\\\/vasanna.shop\\\/wp-content\\\/uploads\\\/2024\\\/02\\\/logo-vasanna.png\",\"contentUrl\":\"https:\\\/\\\/vasanna.shop\\\/wp-content\\\/uploads\\\/2024\\\/02\\\/logo-vasanna.png\",\"width\":201,\"height\":24,\"caption\":\"Vasanna\"},\"image\":{\"@id\":\"https:\\\/\\\/vasanna.shop\\\/es\\\/#\\\/schema\\\/logo\\\/image\\\/\"}}]}<\/script>\n<!-- \/ Yoast SEO plugin. -->","yoast_head_json":{"title":"Kit para el cuidado de la vulva - Vasanna","robots":{"index":"noindex","follow":"follow","max-snippet":"max-snippet:-1","max-image-preview":"max-image-preview:large","max-video-preview":"max-video-preview:-1"},"og_locale":"es_ES","og_type":"article","og_title":"Kit para el cuidado de la vulva - Vasanna","og_description":"El kit de Loci\u00f3n limpiadora + Hidratante \u00edntimo est\u00e1 dise\u00f1ado para el cuidado diario de la vulva. Ideal para cualquier mujer menor de 50 a\u00f1os que busca mantener la hidrataci\u00f3n profunda de su zona \u00edntima.  \u2714\ufe0f 2 meses de uso de diario \u2714\ufe0f Ayuda a mantener la humectaci\u00f3n y el confort diario \u2714\ufe0f Limpieza suave sin alterar la piel delicada \u2714\ufe0f Env\u00edo gratis Nutre y protege tu piel \u00edntima todos los d\u00edas. Desarrollado por la Ginec\u00f3loga Dra. Naty Cifuentes.","og_url":"https:\/\/vasanna.shop\/es\/producto\/kit-para-el-cuidado-vulvar-menos-50-anos\/","og_site_name":"Vasanna","article_modified_time":"2025-04-16T19:34:41+00:00","og_image":[{"width":1400,"height":1650,"url":"https:\/\/vasanna.shop\/wp-content\/uploads\/2025\/04\/combomenos-esp2.jpg","type":"image\/jpeg"}],"twitter_card":"summary_large_image","twitter_misc":{"Tiempo de lectura":"1 minuto"},"schema":{"@context":"https:\/\/schema.org","@graph":[{"@type":"WebPage","@id":"https:\/\/vasanna.shop\/es\/producto\/kit-para-el-cuidado-vulvar-menos-50-anos\/","url":"https:\/\/vasanna.shop\/es\/producto\/kit-para-el-cuidado-vulvar-menos-50-anos\/","name":"Kit para el cuidado de la vulva - Vasanna","isPartOf":{"@id":"https:\/\/vasanna.shop\/es\/#website"},"primaryImageOfPage":{"@id":"https:\/\/vasanna.shop\/es\/producto\/kit-para-el-cuidado-vulvar-menos-50-anos\/#primaryimage"},"image":{"@id":"https:\/\/vasanna.shop\/es\/producto\/kit-para-el-cuidado-vulvar-menos-50-anos\/#primaryimage"},"thumbnailUrl":"https:\/\/vasanna.shop\/wp-content\/uploads\/2025\/04\/combomenos-esp2.jpg","datePublished":"2024-03-29T02:25:38+00:00","dateModified":"2025-04-16T19:34:41+00:00","breadcrumb":{"@id":"https:\/\/vasanna.shop\/es\/producto\/kit-para-el-cuidado-vulvar-menos-50-anos\/#breadcrumb"},"inLanguage":"es","potentialAction":[{"@type":"ReadAction","target":["https:\/\/vasanna.shop\/es\/producto\/kit-para-el-cuidado-vulvar-menos-50-anos\/"]}]},{"@type":"ImageObject","inLanguage":"es","@id":"https:\/\/vasanna.shop\/es\/producto\/kit-para-el-cuidado-vulvar-menos-50-anos\/#primaryimage","url":"https:\/\/vasanna.shop\/wp-content\/uploads\/2025\/04\/combomenos-esp2.jpg","contentUrl":"https:\/\/vasanna.shop\/wp-content\/uploads\/2025\/04\/combomenos-esp2.jpg","width":1400,"height":1650},{"@type":"BreadcrumbList","@id":"https:\/\/vasanna.shop\/es\/producto\/kit-para-el-cuidado-vulvar-menos-50-anos\/#breadcrumb","itemListElement":[{"@type":"ListItem","position":1,"name":"Portada","item":"https:\/\/vasanna.shop\/es\/tienda\/"},{"@type":"ListItem","position":2,"name":"Shop","item":"https:\/\/vasanna.shop\/"},{"@type":"ListItem","position":3,"name":"Kit para el cuidado de la vulva"}]},{"@type":"WebSite","@id":"https:\/\/vasanna.shop\/es\/#website","url":"https:\/\/vasanna.shop\/es\/","name":"Vasanna","description":"","publisher":{"@id":"https:\/\/vasanna.shop\/es\/#organization"},"potentialAction":[{"@type":"SearchAction","target":{"@type":"EntryPoint","urlTemplate":"https:\/\/vasanna.shop\/es\/?s={search_term_string}"},"query-input":{"@type":"PropertyValueSpecification","valueRequired":true,"valueName":"search_term_string"}}],"inLanguage":"es"},{"@type":"Organization","@id":"https:\/\/vasanna.shop\/es\/#organization","name":"Vasanna","url":"https:\/\/vasanna.shop\/es\/","logo":{"@type":"ImageObject","inLanguage":"es","@id":"https:\/\/vasanna.shop\/es\/#\/schema\/logo\/image\/","url":"https:\/\/vasanna.shop\/wp-content\/uploads\/2024\/02\/logo-vasanna.png","contentUrl":"https:\/\/vasanna.shop\/wp-content\/uploads\/2024\/02\/logo-vasanna.png","width":201,"height":24,"caption":"Vasanna"},"image":{"@id":"https:\/\/vasanna.shop\/es\/#\/schema\/logo\/image\/"}}]}},"_links":{"self":[{"href":"https:\/\/vasanna.shop\/es\/wp-json\/wp\/v2\/product\/620","targetHints":{"allow":["GET"]}}],"collection":[{"href":"https:\/\/vasanna.shop\/es\/wp-json\/wp\/v2\/product"}],"about":[{"href":"https:\/\/vasanna.shop\/es\/wp-json\/wp\/v2\/types\/product"}],"wp:featuredmedia":[{"embeddable":true,"href":"https:\/\/vasanna.shop\/es\/wp-json\/wp\/v2\/media\/631"}],"wp:attachment":[{"href":"https:\/\/vasanna.shop\/es\/wp-json\/wp\/v2\/media?parent=620"}],"wp:term":[{"taxonomy":"product_brand","embeddable":true,"href":"https:\/\/vasanna.shop\/es\/wp-json\/wp\/v2\/product_brand?post=620"},{"taxonomy":"product_cat","embeddable":true,"href":"https:\/\/vasanna.shop\/es\/wp-json\/wp\/v2\/product_cat?post=620"},{"taxonomy":"product_tag","embeddable":true,"href":"https:\/\/vasanna.shop\/es\/wp-json\/wp\/v2\/product_tag?post=620"}],"curies":[{"name":"wp","href":"https:\/\/api.w.org\/{rel}","templated":true}]}}