{"id":201,"date":"2024-02-06T12:56:55","date_gmt":"2024-02-06T20:56:55","guid":{"rendered":"https:\/\/vasanna.shop\/product\/hidratante-vaginal-con-acido-hialuronico-50-2\/"},"modified":"2025-05-06T11:43:04","modified_gmt":"2025-05-06T18:43:04","slug":"hidratante-vaginal-con-acido-hialuronico-50-2","status":"publish","type":"product","link":"https:\/\/vasanna.shop\/es\/producto\/hidratante-vaginal-con-acido-hialuronico-50-2\/","title":{"rendered":"Hidratante \u00cdntimo Con \u00c1cido Hialur\u00f3nico +50"},"content":{"rendered":"<p class=\"p1\">Contiene extractos esenciales y aceites humectantes que ayudan a hidratar, suavizar y mejorar la resequedad de la zona \u00edntima.<\/p>\n","protected":false},"excerpt":{"rendered":"<p>Las mujeres estamos en constantes cambios hormonales, especialmente cuando nos aproximamos a los 50 a\u00f1os, esto hace que nuestra salud \u00edntima enfrente cambios y retos que pueden afectan nuestra salud vaginal y sexual.<\/p>\n<p>Es por esto que en Vasanna desarrollamos nuestro Hidratante vaginal con \u00e1cido hialur\u00f3nico +50, basado en extractos 100% naturales y activos escenciales como aceite de oliva, aceite de almendras, extracto de rosas, extracto de aloe vera, vitamina E, vitamina B3, vitamina B5 y \u00e1cido hialur\u00f3nico, los cuales proporcionan mayor hidrataci\u00f3n, suavidad y mejora la elasticidad de tu zona V en mujeres mayores de 50 a\u00f1os.<\/p>\n","protected":false},"featured_media":535,"template":"","meta":{"_acf_changed":false,"iawp_total_views":371},"product_brand":[],"product_cat":[26],"product_tag":[],"class_list":{"0":"post-201","1":"product","2":"type-product","3":"status-publish","4":"has-post-thumbnail","6":"product_cat-uncategorized-es","7":"entry","8":"has-media","10":"first","11":"instock","12":"shipping-taxable","13":"purchasable","14":"product-type-variable"},"acf":[],"yoast_head":"<!-- This site is optimized with the Yoast SEO plugin v27.5 - https:\/\/yoast.com\/product\/yoast-seo-wordpress\/ -->\n<title>Hidratante \u00cdntimo Con \u00c1cido Hialur\u00f3nico +50 - Vasanna<\/title>\n<meta name=\"robots\" content=\"noindex, follow, max-snippet:-1, max-image-preview:large, max-video-preview:-1\" \/>\n<meta property=\"og:locale\" content=\"es_ES\" \/>\n<meta property=\"og:type\" content=\"article\" \/>\n<meta property=\"og:title\" content=\"Hidratante \u00cdntimo Con \u00c1cido Hialur\u00f3nico +50 - Vasanna\" \/>\n<meta property=\"og:description\" content=\"Las mujeres estamos en constantes cambios hormonales, especialmente cuando nos aproximamos a los 50 a\u00f1os, esto hace que nuestra salud \u00edntima enfrente cambios y retos que pueden afectan nuestra salud vaginal y sexual. Es por esto que en Vasanna desarrollamos nuestro Hidratante vaginal con \u00e1cido hialur\u00f3nico +50, basado en extractos 100% naturales y activos escenciales como aceite de oliva, aceite de almendras, extracto de rosas, extracto de aloe vera, vitamina E, vitamina B3, vitamina B5 y \u00e1cido hialur\u00f3nico, los cuales proporcionan mayor hidrataci\u00f3n, suavidad y mejora la elasticidad de tu zona V en mujeres mayores de 50 a\u00f1os.\" \/>\n<meta property=\"og:url\" content=\"https:\/\/vasanna.shop\/es\/producto\/hidratante-vaginal-con-acido-hialuronico-50-2\/\" \/>\n<meta property=\"og:site_name\" content=\"Vasanna\" \/>\n<meta property=\"article:modified_time\" content=\"2025-05-06T18:43:04+00:00\" \/>\n<meta property=\"og:image\" content=\"https:\/\/vasanna.shop\/wp-content\/uploads\/2024\/11\/nw-mas50b.jpg\" \/>\n\t<meta property=\"og:image:width\" content=\"1400\" \/>\n\t<meta property=\"og:image:height\" content=\"1650\" \/>\n\t<meta property=\"og:image:type\" content=\"image\/jpeg\" \/>\n<meta name=\"twitter:card\" content=\"summary_large_image\" \/>\n<script type=\"application\/ld+json\" class=\"yoast-schema-graph\">{\"@context\":\"https:\\\/\\\/schema.org\",\"@graph\":[{\"@type\":\"WebPage\",\"@id\":\"https:\\\/\\\/vasanna.shop\\\/es\\\/producto\\\/hidratante-vaginal-con-acido-hialuronico-50-2\\\/\",\"url\":\"https:\\\/\\\/vasanna.shop\\\/es\\\/producto\\\/hidratante-vaginal-con-acido-hialuronico-50-2\\\/\",\"name\":\"Hidratante \u00cdntimo Con \u00c1cido Hialur\u00f3nico +50 - Vasanna\",\"isPartOf\":{\"@id\":\"https:\\\/\\\/vasanna.shop\\\/es\\\/#website\"},\"primaryImageOfPage\":{\"@id\":\"https:\\\/\\\/vasanna.shop\\\/es\\\/producto\\\/hidratante-vaginal-con-acido-hialuronico-50-2\\\/#primaryimage\"},\"image\":{\"@id\":\"https:\\\/\\\/vasanna.shop\\\/es\\\/producto\\\/hidratante-vaginal-con-acido-hialuronico-50-2\\\/#primaryimage\"},\"thumbnailUrl\":\"https:\\\/\\\/vasanna.shop\\\/wp-content\\\/uploads\\\/2024\\\/11\\\/nw-mas50b.jpg\",\"datePublished\":\"2024-02-06T20:56:55+00:00\",\"dateModified\":\"2025-05-06T18:43:04+00:00\",\"breadcrumb\":{\"@id\":\"https:\\\/\\\/vasanna.shop\\\/es\\\/producto\\\/hidratante-vaginal-con-acido-hialuronico-50-2\\\/#breadcrumb\"},\"inLanguage\":\"es\",\"potentialAction\":[{\"@type\":\"ReadAction\",\"target\":[\"https:\\\/\\\/vasanna.shop\\\/es\\\/producto\\\/hidratante-vaginal-con-acido-hialuronico-50-2\\\/\"]}]},{\"@type\":\"ImageObject\",\"inLanguage\":\"es\",\"@id\":\"https:\\\/\\\/vasanna.shop\\\/es\\\/producto\\\/hidratante-vaginal-con-acido-hialuronico-50-2\\\/#primaryimage\",\"url\":\"https:\\\/\\\/vasanna.shop\\\/wp-content\\\/uploads\\\/2024\\\/11\\\/nw-mas50b.jpg\",\"contentUrl\":\"https:\\\/\\\/vasanna.shop\\\/wp-content\\\/uploads\\\/2024\\\/11\\\/nw-mas50b.jpg\",\"width\":1400,\"height\":1650},{\"@type\":\"BreadcrumbList\",\"@id\":\"https:\\\/\\\/vasanna.shop\\\/es\\\/producto\\\/hidratante-vaginal-con-acido-hialuronico-50-2\\\/#breadcrumb\",\"itemListElement\":[{\"@type\":\"ListItem\",\"position\":1,\"name\":\"Portada\",\"item\":\"https:\\\/\\\/vasanna.shop\\\/es\\\/tienda\\\/\"},{\"@type\":\"ListItem\",\"position\":2,\"name\":\"Shop\",\"item\":\"https:\\\/\\\/vasanna.shop\\\/\"},{\"@type\":\"ListItem\",\"position\":3,\"name\":\"Hidratante \u00cdntimo Con \u00c1cido Hialur\u00f3nico +50\"}]},{\"@type\":\"WebSite\",\"@id\":\"https:\\\/\\\/vasanna.shop\\\/es\\\/#website\",\"url\":\"https:\\\/\\\/vasanna.shop\\\/es\\\/\",\"name\":\"Vasanna\",\"description\":\"\",\"publisher\":{\"@id\":\"https:\\\/\\\/vasanna.shop\\\/es\\\/#organization\"},\"potentialAction\":[{\"@type\":\"SearchAction\",\"target\":{\"@type\":\"EntryPoint\",\"urlTemplate\":\"https:\\\/\\\/vasanna.shop\\\/es\\\/?s={search_term_string}\"},\"query-input\":{\"@type\":\"PropertyValueSpecification\",\"valueRequired\":true,\"valueName\":\"search_term_string\"}}],\"inLanguage\":\"es\"},{\"@type\":\"Organization\",\"@id\":\"https:\\\/\\\/vasanna.shop\\\/es\\\/#organization\",\"name\":\"Vasanna\",\"url\":\"https:\\\/\\\/vasanna.shop\\\/es\\\/\",\"logo\":{\"@type\":\"ImageObject\",\"inLanguage\":\"es\",\"@id\":\"https:\\\/\\\/vasanna.shop\\\/es\\\/#\\\/schema\\\/logo\\\/image\\\/\",\"url\":\"https:\\\/\\\/vasanna.shop\\\/wp-content\\\/uploads\\\/2024\\\/02\\\/logo-vasanna.png\",\"contentUrl\":\"https:\\\/\\\/vasanna.shop\\\/wp-content\\\/uploads\\\/2024\\\/02\\\/logo-vasanna.png\",\"width\":201,\"height\":24,\"caption\":\"Vasanna\"},\"image\":{\"@id\":\"https:\\\/\\\/vasanna.shop\\\/es\\\/#\\\/schema\\\/logo\\\/image\\\/\"}}]}<\/script>\n<!-- \/ Yoast SEO plugin. -->","yoast_head_json":{"title":"Hidratante \u00cdntimo Con \u00c1cido Hialur\u00f3nico +50 - Vasanna","robots":{"index":"noindex","follow":"follow","max-snippet":"max-snippet:-1","max-image-preview":"max-image-preview:large","max-video-preview":"max-video-preview:-1"},"og_locale":"es_ES","og_type":"article","og_title":"Hidratante \u00cdntimo Con \u00c1cido Hialur\u00f3nico +50 - Vasanna","og_description":"Las mujeres estamos en constantes cambios hormonales, especialmente cuando nos aproximamos a los 50 a\u00f1os, esto hace que nuestra salud \u00edntima enfrente cambios y retos que pueden afectan nuestra salud vaginal y sexual. Es por esto que en Vasanna desarrollamos nuestro Hidratante vaginal con \u00e1cido hialur\u00f3nico +50, basado en extractos 100% naturales y activos escenciales como aceite de oliva, aceite de almendras, extracto de rosas, extracto de aloe vera, vitamina E, vitamina B3, vitamina B5 y \u00e1cido hialur\u00f3nico, los cuales proporcionan mayor hidrataci\u00f3n, suavidad y mejora la elasticidad de tu zona V en mujeres mayores de 50 a\u00f1os.","og_url":"https:\/\/vasanna.shop\/es\/producto\/hidratante-vaginal-con-acido-hialuronico-50-2\/","og_site_name":"Vasanna","article_modified_time":"2025-05-06T18:43:04+00:00","og_image":[{"width":1400,"height":1650,"url":"https:\/\/vasanna.shop\/wp-content\/uploads\/2024\/11\/nw-mas50b.jpg","type":"image\/jpeg"}],"twitter_card":"summary_large_image","schema":{"@context":"https:\/\/schema.org","@graph":[{"@type":"WebPage","@id":"https:\/\/vasanna.shop\/es\/producto\/hidratante-vaginal-con-acido-hialuronico-50-2\/","url":"https:\/\/vasanna.shop\/es\/producto\/hidratante-vaginal-con-acido-hialuronico-50-2\/","name":"Hidratante \u00cdntimo Con \u00c1cido Hialur\u00f3nico +50 - Vasanna","isPartOf":{"@id":"https:\/\/vasanna.shop\/es\/#website"},"primaryImageOfPage":{"@id":"https:\/\/vasanna.shop\/es\/producto\/hidratante-vaginal-con-acido-hialuronico-50-2\/#primaryimage"},"image":{"@id":"https:\/\/vasanna.shop\/es\/producto\/hidratante-vaginal-con-acido-hialuronico-50-2\/#primaryimage"},"thumbnailUrl":"https:\/\/vasanna.shop\/wp-content\/uploads\/2024\/11\/nw-mas50b.jpg","datePublished":"2024-02-06T20:56:55+00:00","dateModified":"2025-05-06T18:43:04+00:00","breadcrumb":{"@id":"https:\/\/vasanna.shop\/es\/producto\/hidratante-vaginal-con-acido-hialuronico-50-2\/#breadcrumb"},"inLanguage":"es","potentialAction":[{"@type":"ReadAction","target":["https:\/\/vasanna.shop\/es\/producto\/hidratante-vaginal-con-acido-hialuronico-50-2\/"]}]},{"@type":"ImageObject","inLanguage":"es","@id":"https:\/\/vasanna.shop\/es\/producto\/hidratante-vaginal-con-acido-hialuronico-50-2\/#primaryimage","url":"https:\/\/vasanna.shop\/wp-content\/uploads\/2024\/11\/nw-mas50b.jpg","contentUrl":"https:\/\/vasanna.shop\/wp-content\/uploads\/2024\/11\/nw-mas50b.jpg","width":1400,"height":1650},{"@type":"BreadcrumbList","@id":"https:\/\/vasanna.shop\/es\/producto\/hidratante-vaginal-con-acido-hialuronico-50-2\/#breadcrumb","itemListElement":[{"@type":"ListItem","position":1,"name":"Portada","item":"https:\/\/vasanna.shop\/es\/tienda\/"},{"@type":"ListItem","position":2,"name":"Shop","item":"https:\/\/vasanna.shop\/"},{"@type":"ListItem","position":3,"name":"Hidratante \u00cdntimo Con \u00c1cido Hialur\u00f3nico +50"}]},{"@type":"WebSite","@id":"https:\/\/vasanna.shop\/es\/#website","url":"https:\/\/vasanna.shop\/es\/","name":"Vasanna","description":"","publisher":{"@id":"https:\/\/vasanna.shop\/es\/#organization"},"potentialAction":[{"@type":"SearchAction","target":{"@type":"EntryPoint","urlTemplate":"https:\/\/vasanna.shop\/es\/?s={search_term_string}"},"query-input":{"@type":"PropertyValueSpecification","valueRequired":true,"valueName":"search_term_string"}}],"inLanguage":"es"},{"@type":"Organization","@id":"https:\/\/vasanna.shop\/es\/#organization","name":"Vasanna","url":"https:\/\/vasanna.shop\/es\/","logo":{"@type":"ImageObject","inLanguage":"es","@id":"https:\/\/vasanna.shop\/es\/#\/schema\/logo\/image\/","url":"https:\/\/vasanna.shop\/wp-content\/uploads\/2024\/02\/logo-vasanna.png","contentUrl":"https:\/\/vasanna.shop\/wp-content\/uploads\/2024\/02\/logo-vasanna.png","width":201,"height":24,"caption":"Vasanna"},"image":{"@id":"https:\/\/vasanna.shop\/es\/#\/schema\/logo\/image\/"}}]}},"_links":{"self":[{"href":"https:\/\/vasanna.shop\/es\/wp-json\/wp\/v2\/product\/201","targetHints":{"allow":["GET"]}}],"collection":[{"href":"https:\/\/vasanna.shop\/es\/wp-json\/wp\/v2\/product"}],"about":[{"href":"https:\/\/vasanna.shop\/es\/wp-json\/wp\/v2\/types\/product"}],"wp:featuredmedia":[{"embeddable":true,"href":"https:\/\/vasanna.shop\/es\/wp-json\/wp\/v2\/media\/535"}],"wp:attachment":[{"href":"https:\/\/vasanna.shop\/es\/wp-json\/wp\/v2\/media?parent=201"}],"wp:term":[{"taxonomy":"product_brand","embeddable":true,"href":"https:\/\/vasanna.shop\/es\/wp-json\/wp\/v2\/product_brand?post=201"},{"taxonomy":"product_cat","embeddable":true,"href":"https:\/\/vasanna.shop\/es\/wp-json\/wp\/v2\/product_cat?post=201"},{"taxonomy":"product_tag","embeddable":true,"href":"https:\/\/vasanna.shop\/es\/wp-json\/wp\/v2\/product_tag?post=201"}],"curies":[{"name":"wp","href":"https:\/\/api.w.org\/{rel}","templated":true}]}}