{"id":34,"date":"2024-02-15T16:56:38","date_gmt":"2024-02-15T16:56:38","guid":{"rendered":"https:\/\/vasanna.shop\/co\/?post_type=product&#038;p=34"},"modified":"2026-04-09T13:57:06","modified_gmt":"2026-04-09T18:57:06","slug":"hidratante-intimo-con-acido-hialuronico-mas-50-50-ml","status":"publish","type":"product","link":"https:\/\/vasanna.shop\/co\/producto\/hidratante-intimo-con-acido-hialuronico-mas-50-50-ml\/","title":{"rendered":"Hidratante \u00cdntimo Intesivo Con \u00c1cido Hialur\u00f3nico +50 \/ 50 ml"},"content":{"rendered":"","protected":false},"excerpt":{"rendered":"<p><em><strong>Hidrataci\u00f3n \u00edntima intensiva<\/strong><\/em> para cada etapa de la vida.<\/p>\n<p>El <em>hidratante \u00edntimo VASANNA intensivo +50<\/em> ha sido ginecol\u00f3gicamente desarrollado para acompa\u00f1ar a la mujer en las etapas de mayor cambio, cuando la piel \u00edntima requiere un cuidado m\u00e1s profundo y confortable.<\/p>\n<p>Su f\u00f3rmula combina \u00e1cido hialur\u00f3nico, vitaminas B3, B5 y E, junto con aceites de oliva y almendras, aloe vera y extracto de rosas, ingredientes reconocidos en cosm\u00e9tica por su capacidad de aportar hidrataci\u00f3n, suavidad y confort a la piel delicada de la vulva.<\/p>\n<p>Su uso diario ayuda a mantener la hidrataci\u00f3n, mejorar la sensaci\u00f3n de elasticidad y brindar una experiencia \u00edntima confortable, respetuosa y armoniosa.<\/p>\n<p>Forma parte del <em>ritual \u00edntimo VASANNA<\/em>, como el paso de cuidado posterior a la limpieza con el syndet.<\/p>\n<p>Apto para uso diario. Apto para pieles sensibles.<\/p>\n<p><strong>Ideal para mujeres que experimentan<\/strong>:<\/p>\n<ul>\n<li>Etapa postnatal<\/li>\n<li>Perimenopausia<\/li>\n<li>Menopausia<\/li>\n<li>Postmenopausia<\/li>\n<li>Sensaci\u00f3n de sequedad intensa<\/li>\n<\/ul>\n<a href=\"\/co\/hidratante-vaginal-con-acido-hialuronico-mas-50\/\" class=\"vcex-button theme-txt-link small align-left wpex-inline-block inline\" title=\"Visit Site\" rel=\"none\"><span class=\"vcex-button-inner theme-button-inner wpex-flex wpex-flex-wrap wpex-items-center wpex-justify-center\">Ver m\u00e1s informaci\u00f3n<\/span><\/a> \n","protected":false},"featured_media":3819,"template":"","meta":{"_acf_changed":false,"iawp_total_views":1742},"product_brand":[],"product_cat":[39,15],"product_tag":[],"class_list":{"0":"post-34","1":"product","2":"type-product","3":"status-publish","4":"has-post-thumbnail","6":"product_cat-50ml","7":"product_cat-sin-categorizar","8":"entry","9":"has-media","11":"first","12":"instock","13":"taxable","14":"shipping-taxable","15":"purchasable","16":"product-type-simple"},"acf":[],"yoast_head":"<!-- This site is optimized with the Yoast SEO plugin v27.5 - https:\/\/yoast.com\/product\/yoast-seo-wordpress\/ -->\n<title>Hidratante \u00cdntimo Intesivo Con \u00c1cido Hialur\u00f3nico +50 \/ 50 ml - Vasanna Colombia<\/title>\n<meta name=\"description\" content=\"Descubre el cuidado \u00edntimo ideal para mujeres mayores de 50. Hidrataci\u00f3n profunda y limpieza delicada que restauran el confort y respetan tu equilibrio natural\" \/>\n<meta name=\"robots\" content=\"index, follow, max-snippet:-1, max-image-preview:large, max-video-preview:-1\" \/>\n<link rel=\"canonical\" href=\"https:\/\/vasanna.shop\/co\/producto\/hidratante-intimo-con-acido-hialuronico-mas-50-50-ml\/\" \/>\n<meta property=\"og:locale\" content=\"es_ES\" \/>\n<meta property=\"og:type\" content=\"article\" \/>\n<meta property=\"og:title\" content=\"Hidratante \u00cdntimo Intesivo Con \u00c1cido Hialur\u00f3nico +50 \/ 50 ml - Vasanna Colombia\" \/>\n<meta property=\"og:description\" content=\"Descubre el cuidado \u00edntimo ideal para mujeres mayores de 50. Hidrataci\u00f3n profunda y limpieza delicada que restauran el confort y respetan tu equilibrio natural\" \/>\n<meta property=\"og:url\" content=\"https:\/\/vasanna.shop\/co\/producto\/hidratante-intimo-con-acido-hialuronico-mas-50-50-ml\/\" \/>\n<meta property=\"og:site_name\" content=\"Vasanna Colombia\" \/>\n<meta property=\"article:modified_time\" content=\"2026-04-09T18:57:06+00:00\" \/>\n<meta property=\"og:image\" content=\"https:\/\/vasanna.shop\/co\/wp-content\/uploads\/sites\/2\/2026\/03\/Intensivo-1.png\" \/>\n\t<meta property=\"og:image:width\" content=\"1080\" \/>\n\t<meta property=\"og:image:height\" content=\"1350\" \/>\n\t<meta property=\"og:image:type\" content=\"image\/png\" \/>\n<meta name=\"twitter:card\" content=\"summary_large_image\" \/>\n<meta name=\"twitter:label1\" content=\"Tiempo de lectura\" \/>\n\t<meta name=\"twitter:data1\" content=\"1 minuto\" \/>\n<script type=\"application\/ld+json\" class=\"yoast-schema-graph\">{\"@context\":\"https:\\\/\\\/schema.org\",\"@graph\":[{\"@type\":\"WebPage\",\"@id\":\"https:\\\/\\\/vasanna.shop\\\/co\\\/producto\\\/hidratante-intimo-con-acido-hialuronico-mas-50-50-ml\\\/\",\"url\":\"https:\\\/\\\/vasanna.shop\\\/co\\\/producto\\\/hidratante-intimo-con-acido-hialuronico-mas-50-50-ml\\\/\",\"name\":\"Hidratante \u00cdntimo Intesivo Con \u00c1cido Hialur\u00f3nico +50 \\\/ 50 ml - Vasanna Colombia\",\"isPartOf\":{\"@id\":\"https:\\\/\\\/vasanna.shop\\\/co\\\/#website\"},\"primaryImageOfPage\":{\"@id\":\"https:\\\/\\\/vasanna.shop\\\/co\\\/producto\\\/hidratante-intimo-con-acido-hialuronico-mas-50-50-ml\\\/#primaryimage\"},\"image\":{\"@id\":\"https:\\\/\\\/vasanna.shop\\\/co\\\/producto\\\/hidratante-intimo-con-acido-hialuronico-mas-50-50-ml\\\/#primaryimage\"},\"thumbnailUrl\":\"https:\\\/\\\/vasanna.shop\\\/co\\\/wp-content\\\/uploads\\\/sites\\\/2\\\/2026\\\/03\\\/Intensivo-1.png\",\"datePublished\":\"2024-02-15T16:56:38+00:00\",\"dateModified\":\"2026-04-09T18:57:06+00:00\",\"description\":\"Descubre el cuidado \u00edntimo ideal para mujeres mayores de 50. Hidrataci\u00f3n profunda y limpieza delicada que restauran el confort y respetan tu equilibrio natural\",\"breadcrumb\":{\"@id\":\"https:\\\/\\\/vasanna.shop\\\/co\\\/producto\\\/hidratante-intimo-con-acido-hialuronico-mas-50-50-ml\\\/#breadcrumb\"},\"inLanguage\":\"es\",\"potentialAction\":[{\"@type\":\"ReadAction\",\"target\":[\"https:\\\/\\\/vasanna.shop\\\/co\\\/producto\\\/hidratante-intimo-con-acido-hialuronico-mas-50-50-ml\\\/\"]}]},{\"@type\":\"ImageObject\",\"inLanguage\":\"es\",\"@id\":\"https:\\\/\\\/vasanna.shop\\\/co\\\/producto\\\/hidratante-intimo-con-acido-hialuronico-mas-50-50-ml\\\/#primaryimage\",\"url\":\"https:\\\/\\\/vasanna.shop\\\/co\\\/wp-content\\\/uploads\\\/sites\\\/2\\\/2026\\\/03\\\/Intensivo-1.png\",\"contentUrl\":\"https:\\\/\\\/vasanna.shop\\\/co\\\/wp-content\\\/uploads\\\/sites\\\/2\\\/2026\\\/03\\\/Intensivo-1.png\",\"width\":1080,\"height\":1350},{\"@type\":\"BreadcrumbList\",\"@id\":\"https:\\\/\\\/vasanna.shop\\\/co\\\/producto\\\/hidratante-intimo-con-acido-hialuronico-mas-50-50-ml\\\/#breadcrumb\",\"itemListElement\":[{\"@type\":\"ListItem\",\"position\":1,\"name\":\"Portada\",\"item\":\"https:\\\/\\\/vasanna.shop\\\/co\\\/\"},{\"@type\":\"ListItem\",\"position\":2,\"name\":\"Tienda\",\"item\":\"https:\\\/\\\/vasanna.shop\\\/co\\\/\"},{\"@type\":\"ListItem\",\"position\":3,\"name\":\"Hidratante \u00cdntimo Intesivo Con \u00c1cido Hialur\u00f3nico +50 \\\/ 50 ml\"}]},{\"@type\":\"WebSite\",\"@id\":\"https:\\\/\\\/vasanna.shop\\\/co\\\/#website\",\"url\":\"https:\\\/\\\/vasanna.shop\\\/co\\\/\",\"name\":\"Vasanna Colombia\",\"description\":\"\",\"publisher\":{\"@id\":\"https:\\\/\\\/vasanna.shop\\\/co\\\/#organization\"},\"potentialAction\":[{\"@type\":\"SearchAction\",\"target\":{\"@type\":\"EntryPoint\",\"urlTemplate\":\"https:\\\/\\\/vasanna.shop\\\/co\\\/?s={search_term_string}\"},\"query-input\":{\"@type\":\"PropertyValueSpecification\",\"valueRequired\":true,\"valueName\":\"search_term_string\"}}],\"inLanguage\":\"es\"},{\"@type\":\"Organization\",\"@id\":\"https:\\\/\\\/vasanna.shop\\\/co\\\/#organization\",\"name\":\"Vasanna Colombia\",\"url\":\"https:\\\/\\\/vasanna.shop\\\/co\\\/\",\"logo\":{\"@type\":\"ImageObject\",\"inLanguage\":\"es\",\"@id\":\"https:\\\/\\\/vasanna.shop\\\/co\\\/#\\\/schema\\\/logo\\\/image\\\/\",\"url\":\"https:\\\/\\\/vasanna.shop\\\/co\\\/wp-content\\\/uploads\\\/sites\\\/2\\\/2024\\\/02\\\/logo-vasanna.png\",\"contentUrl\":\"https:\\\/\\\/vasanna.shop\\\/co\\\/wp-content\\\/uploads\\\/sites\\\/2\\\/2024\\\/02\\\/logo-vasanna.png\",\"width\":201,\"height\":24,\"caption\":\"Vasanna Colombia\"},\"image\":{\"@id\":\"https:\\\/\\\/vasanna.shop\\\/co\\\/#\\\/schema\\\/logo\\\/image\\\/\"}}]}<\/script>\n<!-- \/ Yoast SEO plugin. -->","yoast_head_json":{"title":"Hidratante \u00cdntimo Intesivo Con \u00c1cido Hialur\u00f3nico +50 \/ 50 ml - Vasanna Colombia","description":"Descubre el cuidado \u00edntimo ideal para mujeres mayores de 50. Hidrataci\u00f3n profunda y limpieza delicada que restauran el confort y respetan tu equilibrio natural","robots":{"index":"index","follow":"follow","max-snippet":"max-snippet:-1","max-image-preview":"max-image-preview:large","max-video-preview":"max-video-preview:-1"},"canonical":"https:\/\/vasanna.shop\/co\/producto\/hidratante-intimo-con-acido-hialuronico-mas-50-50-ml\/","og_locale":"es_ES","og_type":"article","og_title":"Hidratante \u00cdntimo Intesivo Con \u00c1cido Hialur\u00f3nico +50 \/ 50 ml - Vasanna Colombia","og_description":"Descubre el cuidado \u00edntimo ideal para mujeres mayores de 50. Hidrataci\u00f3n profunda y limpieza delicada que restauran el confort y respetan tu equilibrio natural","og_url":"https:\/\/vasanna.shop\/co\/producto\/hidratante-intimo-con-acido-hialuronico-mas-50-50-ml\/","og_site_name":"Vasanna Colombia","article_modified_time":"2026-04-09T18:57:06+00:00","og_image":[{"width":1080,"height":1350,"url":"https:\/\/vasanna.shop\/co\/wp-content\/uploads\/sites\/2\/2026\/03\/Intensivo-1.png","type":"image\/png"}],"twitter_card":"summary_large_image","twitter_misc":{"Tiempo de lectura":"1 minuto"},"schema":{"@context":"https:\/\/schema.org","@graph":[{"@type":"WebPage","@id":"https:\/\/vasanna.shop\/co\/producto\/hidratante-intimo-con-acido-hialuronico-mas-50-50-ml\/","url":"https:\/\/vasanna.shop\/co\/producto\/hidratante-intimo-con-acido-hialuronico-mas-50-50-ml\/","name":"Hidratante \u00cdntimo Intesivo Con \u00c1cido Hialur\u00f3nico +50 \/ 50 ml - Vasanna Colombia","isPartOf":{"@id":"https:\/\/vasanna.shop\/co\/#website"},"primaryImageOfPage":{"@id":"https:\/\/vasanna.shop\/co\/producto\/hidratante-intimo-con-acido-hialuronico-mas-50-50-ml\/#primaryimage"},"image":{"@id":"https:\/\/vasanna.shop\/co\/producto\/hidratante-intimo-con-acido-hialuronico-mas-50-50-ml\/#primaryimage"},"thumbnailUrl":"https:\/\/vasanna.shop\/co\/wp-content\/uploads\/sites\/2\/2026\/03\/Intensivo-1.png","datePublished":"2024-02-15T16:56:38+00:00","dateModified":"2026-04-09T18:57:06+00:00","description":"Descubre el cuidado \u00edntimo ideal para mujeres mayores de 50. Hidrataci\u00f3n profunda y limpieza delicada que restauran el confort y respetan tu equilibrio natural","breadcrumb":{"@id":"https:\/\/vasanna.shop\/co\/producto\/hidratante-intimo-con-acido-hialuronico-mas-50-50-ml\/#breadcrumb"},"inLanguage":"es","potentialAction":[{"@type":"ReadAction","target":["https:\/\/vasanna.shop\/co\/producto\/hidratante-intimo-con-acido-hialuronico-mas-50-50-ml\/"]}]},{"@type":"ImageObject","inLanguage":"es","@id":"https:\/\/vasanna.shop\/co\/producto\/hidratante-intimo-con-acido-hialuronico-mas-50-50-ml\/#primaryimage","url":"https:\/\/vasanna.shop\/co\/wp-content\/uploads\/sites\/2\/2026\/03\/Intensivo-1.png","contentUrl":"https:\/\/vasanna.shop\/co\/wp-content\/uploads\/sites\/2\/2026\/03\/Intensivo-1.png","width":1080,"height":1350},{"@type":"BreadcrumbList","@id":"https:\/\/vasanna.shop\/co\/producto\/hidratante-intimo-con-acido-hialuronico-mas-50-50-ml\/#breadcrumb","itemListElement":[{"@type":"ListItem","position":1,"name":"Portada","item":"https:\/\/vasanna.shop\/co\/"},{"@type":"ListItem","position":2,"name":"Tienda","item":"https:\/\/vasanna.shop\/co\/"},{"@type":"ListItem","position":3,"name":"Hidratante \u00cdntimo Intesivo Con \u00c1cido Hialur\u00f3nico +50 \/ 50 ml"}]},{"@type":"WebSite","@id":"https:\/\/vasanna.shop\/co\/#website","url":"https:\/\/vasanna.shop\/co\/","name":"Vasanna Colombia","description":"","publisher":{"@id":"https:\/\/vasanna.shop\/co\/#organization"},"potentialAction":[{"@type":"SearchAction","target":{"@type":"EntryPoint","urlTemplate":"https:\/\/vasanna.shop\/co\/?s={search_term_string}"},"query-input":{"@type":"PropertyValueSpecification","valueRequired":true,"valueName":"search_term_string"}}],"inLanguage":"es"},{"@type":"Organization","@id":"https:\/\/vasanna.shop\/co\/#organization","name":"Vasanna Colombia","url":"https:\/\/vasanna.shop\/co\/","logo":{"@type":"ImageObject","inLanguage":"es","@id":"https:\/\/vasanna.shop\/co\/#\/schema\/logo\/image\/","url":"https:\/\/vasanna.shop\/co\/wp-content\/uploads\/sites\/2\/2024\/02\/logo-vasanna.png","contentUrl":"https:\/\/vasanna.shop\/co\/wp-content\/uploads\/sites\/2\/2024\/02\/logo-vasanna.png","width":201,"height":24,"caption":"Vasanna Colombia"},"image":{"@id":"https:\/\/vasanna.shop\/co\/#\/schema\/logo\/image\/"}}]}},"_links":{"self":[{"href":"https:\/\/vasanna.shop\/co\/wp-json\/wp\/v2\/product\/34","targetHints":{"allow":["GET"]}}],"collection":[{"href":"https:\/\/vasanna.shop\/co\/wp-json\/wp\/v2\/product"}],"about":[{"href":"https:\/\/vasanna.shop\/co\/wp-json\/wp\/v2\/types\/product"}],"wp:featuredmedia":[{"embeddable":true,"href":"https:\/\/vasanna.shop\/co\/wp-json\/wp\/v2\/media\/3819"}],"wp:attachment":[{"href":"https:\/\/vasanna.shop\/co\/wp-json\/wp\/v2\/media?parent=34"}],"wp:term":[{"taxonomy":"product_brand","embeddable":true,"href":"https:\/\/vasanna.shop\/co\/wp-json\/wp\/v2\/product_brand?post=34"},{"taxonomy":"product_cat","embeddable":true,"href":"https:\/\/vasanna.shop\/co\/wp-json\/wp\/v2\/product_cat?post=34"},{"taxonomy":"product_tag","embeddable":true,"href":"https:\/\/vasanna.shop\/co\/wp-json\/wp\/v2\/product_tag?post=34"}],"curies":[{"name":"wp","href":"https:\/\/api.w.org\/{rel}","templated":true}]}}