{"id":5,"date":"2024-02-05T23:30:30","date_gmt":"2024-02-05T23:30:30","guid":{"rendered":"https:\/\/vasanna.shop\/co\/carrito\/"},"modified":"2024-12-05T14:36:57","modified_gmt":"2024-12-05T19:36:57","slug":"carrito","status":"publish","type":"page","link":"https:\/\/vasanna.shop\/co\/carrito\/","title":{"rendered":"Carrito"},"content":{"rendered":"<div class=\"wpb-content-wrapper\">[vc_row remove_bottom_col_margin=\u00bbtrue\u00bb][vc_column]<style>.vcex-heading.vcex_69f49f9128585{font-size:1.2em;margin-block-start:0px;margin-block-end:5px;}<\/style><div class=\"vcex-heading vcex-heading-plain vcex-module wpex-h1 vcex_69f49f9128585\"><span class=\"vcex-heading-inner wpex-inline-block\">\u00bfQuieres agregar algo m\u00e1s?<\/span><\/div><div class=\"vcex-spacing wpex-w-100 wpex-clear\" style=\"height:10px;\"><\/div><div class=\"wpex-post-cards wpex-post-cards-template_1322 wpex-relative\"><div class=\"wpex-post-cards-inner\"><div class=\"wpex-post-cards-loop wpex-post-cards-grid wpex-row wpex-clr\"><div class=\"wpex-post-cards-entry col col-1 span_1_of_3 post-45 type-product product_type-2 product_cat-39 product_cat-15\"><div class=\"wpex-card wpex-card-template_1322\"><style>.vc_custom_1729141007638{background-position: center !important;background-repeat: no-repeat !important;background-size: cover !important;}<\/style><div class=\"wpex-card-inner\"><div class=\"vc_row wpb_row vc_row-fluid wrapper-upsell vc_row-o-equal-height vc_row-o-content-middle vc_row-flex wpex-relative wpex-vc-has-custom-column-spacing wpex-vc-column-spacing-10 no-bottom-margins\"><div class=\"wpb_column vc_column_container vc_col-sm-3 vc_col-xs-3 wpex-vc_col-has-fill\"><div style=\"background-position:center center!important;\" class=\"vc_column-inner vc_custom_1729141007638\"><div class=\"wpb_wrapper\"><figure class=\"vcex-image vcex-module\"><div class=\"vcex-image-inner wpex-relative wpex-inline-block\"><img width=\"1080\" height=\"1350\" src=\"https:\/\/vasanna.shop\/co\/wp-content\/uploads\/sites\/2\/2026\/03\/Intensivo-4.png\" class=\"vcex-image-img wpex-align-middle wpex-aspect-1-1 wpex-object-cover\" alt=\"\" loading=\"lazy\" decoding=\"async\" srcset=\"https:\/\/vasanna.shop\/co\/wp-content\/uploads\/sites\/2\/2026\/03\/Intensivo-4.png 1080w, https:\/\/vasanna.shop\/co\/wp-content\/uploads\/sites\/2\/2026\/03\/Intensivo-4-240x300.png 240w, https:\/\/vasanna.shop\/co\/wp-content\/uploads\/sites\/2\/2026\/03\/Intensivo-4-819x1024.png 819w, https:\/\/vasanna.shop\/co\/wp-content\/uploads\/sites\/2\/2026\/03\/Intensivo-4-768x960.png 768w, https:\/\/vasanna.shop\/co\/wp-content\/uploads\/sites\/2\/2026\/03\/Intensivo-4-600x750.png 600w\" sizes=\"auto, (max-width: 1080px) 100vw, 1080px\" \/><\/div><\/figure><\/div><\/div><\/div><div class=\"wpb_column vc_column_container vc_col-sm-9 vc_col-xs-9\"><div class=\"vc_column-inner\"><div class=\"wpb_wrapper\"><style>.vcex-heading.vcex_69f49f912e185{font-size:0.75em;}<\/style><h3 class=\"vcex-heading vcex-heading-plain vcex-module wpex-heading wpex-text-2xl wpex-h3 vcex_69f49f912e185\"><a href=\"https:\/\/vasanna.shop\/co\/producto\/hidratante-intimo-con-acido-hialuronico-menos-50-50-ml\/\" class=\"wpex-no-underline\" target=\"_self\"><span class=\"vcex-heading-inner wpex-inline-block\">Hidratante \u00cdntimo Con \u00c1cido Hialur\u00f3nico -50 \/ 50 ml<\/span><\/a><\/h3><div class=\"vcex-wc-template-part vcex-wc-template-part--loop__add-to-cart vcex-module woocommerce anade-upsell\"><a href=\"\/co\/wp-json\/wp\/v2\/pages\/5?add-to-cart=45\" aria-describedby=\"woocommerce_loop_add_to_cart_link_describedby_45\" data-quantity=\"1\" class=\"button product_type_simple add_to_cart_button ajax_add_to_cart\" data-product_id=\"45\" data-product_sku=\"7707978717130\" aria-label=\"A\u00f1adir al carrito: &ldquo;Hidratante \u00cdntimo Con \u00c1cido Hialur\u00f3nico -50 \/ 50 ml&rdquo;\" rel=\"nofollow\" data-success_message=\"\u00abHidratante \u00cdntimo Con \u00c1cido Hialur\u00f3nico -50 \/ 50 ml\u00bb se ha a\u00f1adido a tu carrito\" role=\"button\">A\u00f1adir al carrito<\/a>\t<span id=\"woocommerce_loop_add_to_cart_link_describedby_45\" class=\"screen-reader-text\">\n\t\t\t<\/span>\n<\/div><\/div><\/div><\/div><\/div>\r\n<\/div><\/div><\/div><div class=\"wpex-post-cards-entry col col-2 span_1_of_3 post-34 type-product product_type-2 product_cat-39 product_cat-15\"><div class=\"wpex-card wpex-card-template_1322\"><div class=\"wpex-card-inner\"><div class=\"vc_row wpb_row vc_row-fluid wrapper-upsell vc_row-o-equal-height vc_row-o-content-middle vc_row-flex wpex-relative wpex-vc-has-custom-column-spacing wpex-vc-column-spacing-10 no-bottom-margins\"><div class=\"wpb_column vc_column_container vc_col-sm-3 vc_col-xs-3 wpex-vc_col-has-fill\"><div style=\"background-position:center center!important;\" class=\"vc_column-inner vc_custom_1729141007638\"><div class=\"wpb_wrapper\"><figure class=\"vcex-image vcex-module\"><div class=\"vcex-image-inner wpex-relative wpex-inline-block\"><img width=\"1080\" height=\"1350\" src=\"https:\/\/vasanna.shop\/co\/wp-content\/uploads\/sites\/2\/2026\/03\/Intensivo-1.png\" class=\"vcex-image-img wpex-align-middle wpex-aspect-1-1 wpex-object-cover\" alt=\"\" loading=\"lazy\" decoding=\"async\" srcset=\"https:\/\/vasanna.shop\/co\/wp-content\/uploads\/sites\/2\/2026\/03\/Intensivo-1.png 1080w, https:\/\/vasanna.shop\/co\/wp-content\/uploads\/sites\/2\/2026\/03\/Intensivo-1-240x300.png 240w, https:\/\/vasanna.shop\/co\/wp-content\/uploads\/sites\/2\/2026\/03\/Intensivo-1-819x1024.png 819w, https:\/\/vasanna.shop\/co\/wp-content\/uploads\/sites\/2\/2026\/03\/Intensivo-1-768x960.png 768w, https:\/\/vasanna.shop\/co\/wp-content\/uploads\/sites\/2\/2026\/03\/Intensivo-1-600x750.png 600w\" sizes=\"auto, (max-width: 1080px) 100vw, 1080px\" \/><\/div><\/figure><\/div><\/div><\/div><div class=\"wpb_column vc_column_container vc_col-sm-9 vc_col-xs-9\"><div class=\"vc_column-inner\"><div class=\"wpb_wrapper\"><style>.vcex-heading.vcex_69f49f9130758{font-size:0.75em;}<\/style><h3 class=\"vcex-heading vcex-heading-plain vcex-module wpex-heading wpex-text-2xl wpex-h3 vcex_69f49f9130758\"><a href=\"https:\/\/vasanna.shop\/co\/producto\/hidratante-intimo-con-acido-hialuronico-mas-50-50-ml\/\" class=\"wpex-no-underline\" target=\"_self\"><span class=\"vcex-heading-inner wpex-inline-block\">Hidratante \u00cdntimo Intesivo Con \u00c1cido Hialur\u00f3nico +50 \/ 50 ml<\/span><\/a><\/h3><div class=\"vcex-wc-template-part vcex-wc-template-part--loop__add-to-cart vcex-module woocommerce anade-upsell\"><a href=\"\/co\/wp-json\/wp\/v2\/pages\/5?add-to-cart=34\" aria-describedby=\"woocommerce_loop_add_to_cart_link_describedby_34\" data-quantity=\"1\" class=\"button product_type_simple add_to_cart_button ajax_add_to_cart\" data-product_id=\"34\" data-product_sku=\"7707978717116\" aria-label=\"A\u00f1adir al carrito: &ldquo;Hidratante \u00cdntimo Intesivo Con \u00c1cido Hialur\u00f3nico +50 \/ 50 ml&rdquo;\" rel=\"nofollow\" data-success_message=\"\u00abHidratante \u00cdntimo Intesivo Con \u00c1cido Hialur\u00f3nico +50 \/ 50 ml\u00bb se ha a\u00f1adido a tu carrito\" role=\"button\">A\u00f1adir al carrito<\/a>\t<span id=\"woocommerce_loop_add_to_cart_link_describedby_34\" class=\"screen-reader-text\">\n\t\t\t<\/span>\n<\/div><\/div><\/div><\/div><\/div>\r\n<\/div><\/div><\/div><\/div><\/div><\/div><div class=\"vcex-spacing wpex-w-100 wpex-clear\" style=\"height:10px;\"><\/div>[\/vc_column][\/vc_row][vc_row][vc_column][\/vc_column][\/vc_row]\n<\/div>","protected":false},"excerpt":{"rendered":"","protected":false},"author":1,"featured_media":0,"parent":0,"menu_order":0,"comment_status":"closed","ping_status":"closed","template":"","meta":{"_acf_changed":false,"iawp_total_views":1569,"footnotes":""},"class_list":["post-5","page","type-page","status-publish","hentry","entry","has-media"],"acf":[],"yoast_head":"<!-- This site is optimized with the Yoast SEO plugin v27.5 - https:\/\/yoast.com\/product\/yoast-seo-wordpress\/ -->\n<title>Carrito - Vasanna Colombia<\/title>\n<meta name=\"robots\" content=\"index, follow, max-snippet:-1, max-image-preview:large, max-video-preview:-1\" \/>\n<link rel=\"canonical\" href=\"https:\/\/vasanna.shop\/co\/carrito\/\" \/>\n<meta property=\"og:locale\" content=\"es_ES\" \/>\n<meta property=\"og:type\" content=\"article\" \/>\n<meta property=\"og:title\" content=\"Carrito - Vasanna Colombia\" \/>\n<meta property=\"og:url\" content=\"https:\/\/vasanna.shop\/co\/carrito\/\" \/>\n<meta property=\"og:site_name\" content=\"Vasanna Colombia\" \/>\n<meta property=\"article:modified_time\" content=\"2024-12-05T19:36:57+00:00\" \/>\n<meta name=\"twitter:card\" content=\"summary_large_image\" \/>\n<meta name=\"twitter:label1\" content=\"Tiempo de lectura\" \/>\n\t<meta name=\"twitter:data1\" content=\"1 minuto\" \/>\n<script type=\"application\/ld+json\" class=\"yoast-schema-graph\">{\"@context\":\"https:\\\/\\\/schema.org\",\"@graph\":[{\"@type\":\"WebPage\",\"@id\":\"https:\\\/\\\/vasanna.shop\\\/co\\\/carrito\\\/\",\"url\":\"https:\\\/\\\/vasanna.shop\\\/co\\\/carrito\\\/\",\"name\":\"Carrito - Vasanna Colombia\",\"isPartOf\":{\"@id\":\"https:\\\/\\\/vasanna.shop\\\/co\\\/#website\"},\"datePublished\":\"2024-02-05T23:30:30+00:00\",\"dateModified\":\"2024-12-05T19:36:57+00:00\",\"breadcrumb\":{\"@id\":\"https:\\\/\\\/vasanna.shop\\\/co\\\/carrito\\\/#breadcrumb\"},\"inLanguage\":\"es\",\"potentialAction\":[{\"@type\":\"ReadAction\",\"target\":[\"https:\\\/\\\/vasanna.shop\\\/co\\\/carrito\\\/\"]}]},{\"@type\":\"BreadcrumbList\",\"@id\":\"https:\\\/\\\/vasanna.shop\\\/co\\\/carrito\\\/#breadcrumb\",\"itemListElement\":[{\"@type\":\"ListItem\",\"position\":1,\"name\":\"Portada\",\"item\":\"https:\\\/\\\/vasanna.shop\\\/co\\\/\"},{\"@type\":\"ListItem\",\"position\":2,\"name\":\"Carrito\"}]},{\"@type\":\"WebSite\",\"@id\":\"https:\\\/\\\/vasanna.shop\\\/co\\\/#website\",\"url\":\"https:\\\/\\\/vasanna.shop\\\/co\\\/\",\"name\":\"Vasanna Colombia\",\"description\":\"\",\"publisher\":{\"@id\":\"https:\\\/\\\/vasanna.shop\\\/co\\\/#organization\"},\"potentialAction\":[{\"@type\":\"SearchAction\",\"target\":{\"@type\":\"EntryPoint\",\"urlTemplate\":\"https:\\\/\\\/vasanna.shop\\\/co\\\/?s={search_term_string}\"},\"query-input\":{\"@type\":\"PropertyValueSpecification\",\"valueRequired\":true,\"valueName\":\"search_term_string\"}}],\"inLanguage\":\"es\"},{\"@type\":\"Organization\",\"@id\":\"https:\\\/\\\/vasanna.shop\\\/co\\\/#organization\",\"name\":\"Vasanna Colombia\",\"url\":\"https:\\\/\\\/vasanna.shop\\\/co\\\/\",\"logo\":{\"@type\":\"ImageObject\",\"inLanguage\":\"es\",\"@id\":\"https:\\\/\\\/vasanna.shop\\\/co\\\/#\\\/schema\\\/logo\\\/image\\\/\",\"url\":\"https:\\\/\\\/vasanna.shop\\\/co\\\/wp-content\\\/uploads\\\/sites\\\/2\\\/2024\\\/02\\\/logo-vasanna.png\",\"contentUrl\":\"https:\\\/\\\/vasanna.shop\\\/co\\\/wp-content\\\/uploads\\\/sites\\\/2\\\/2024\\\/02\\\/logo-vasanna.png\",\"width\":201,\"height\":24,\"caption\":\"Vasanna Colombia\"},\"image\":{\"@id\":\"https:\\\/\\\/vasanna.shop\\\/co\\\/#\\\/schema\\\/logo\\\/image\\\/\"}}]}<\/script>\n<!-- \/ Yoast SEO plugin. -->","yoast_head_json":{"title":"Carrito - Vasanna Colombia","robots":{"index":"index","follow":"follow","max-snippet":"max-snippet:-1","max-image-preview":"max-image-preview:large","max-video-preview":"max-video-preview:-1"},"canonical":"https:\/\/vasanna.shop\/co\/carrito\/","og_locale":"es_ES","og_type":"article","og_title":"Carrito - Vasanna Colombia","og_url":"https:\/\/vasanna.shop\/co\/carrito\/","og_site_name":"Vasanna Colombia","article_modified_time":"2024-12-05T19:36:57+00:00","twitter_card":"summary_large_image","twitter_misc":{"Tiempo de lectura":"1 minuto"},"schema":{"@context":"https:\/\/schema.org","@graph":[{"@type":"WebPage","@id":"https:\/\/vasanna.shop\/co\/carrito\/","url":"https:\/\/vasanna.shop\/co\/carrito\/","name":"Carrito - Vasanna Colombia","isPartOf":{"@id":"https:\/\/vasanna.shop\/co\/#website"},"datePublished":"2024-02-05T23:30:30+00:00","dateModified":"2024-12-05T19:36:57+00:00","breadcrumb":{"@id":"https:\/\/vasanna.shop\/co\/carrito\/#breadcrumb"},"inLanguage":"es","potentialAction":[{"@type":"ReadAction","target":["https:\/\/vasanna.shop\/co\/carrito\/"]}]},{"@type":"BreadcrumbList","@id":"https:\/\/vasanna.shop\/co\/carrito\/#breadcrumb","itemListElement":[{"@type":"ListItem","position":1,"name":"Portada","item":"https:\/\/vasanna.shop\/co\/"},{"@type":"ListItem","position":2,"name":"Carrito"}]},{"@type":"WebSite","@id":"https:\/\/vasanna.shop\/co\/#website","url":"https:\/\/vasanna.shop\/co\/","name":"Vasanna Colombia","description":"","publisher":{"@id":"https:\/\/vasanna.shop\/co\/#organization"},"potentialAction":[{"@type":"SearchAction","target":{"@type":"EntryPoint","urlTemplate":"https:\/\/vasanna.shop\/co\/?s={search_term_string}"},"query-input":{"@type":"PropertyValueSpecification","valueRequired":true,"valueName":"search_term_string"}}],"inLanguage":"es"},{"@type":"Organization","@id":"https:\/\/vasanna.shop\/co\/#organization","name":"Vasanna Colombia","url":"https:\/\/vasanna.shop\/co\/","logo":{"@type":"ImageObject","inLanguage":"es","@id":"https:\/\/vasanna.shop\/co\/#\/schema\/logo\/image\/","url":"https:\/\/vasanna.shop\/co\/wp-content\/uploads\/sites\/2\/2024\/02\/logo-vasanna.png","contentUrl":"https:\/\/vasanna.shop\/co\/wp-content\/uploads\/sites\/2\/2024\/02\/logo-vasanna.png","width":201,"height":24,"caption":"Vasanna Colombia"},"image":{"@id":"https:\/\/vasanna.shop\/co\/#\/schema\/logo\/image\/"}}]}},"_links":{"self":[{"href":"https:\/\/vasanna.shop\/co\/wp-json\/wp\/v2\/pages\/5","targetHints":{"allow":["GET"]}}],"collection":[{"href":"https:\/\/vasanna.shop\/co\/wp-json\/wp\/v2\/pages"}],"about":[{"href":"https:\/\/vasanna.shop\/co\/wp-json\/wp\/v2\/types\/page"}],"author":[{"embeddable":true,"href":"https:\/\/vasanna.shop\/co\/wp-json\/wp\/v2\/users\/1"}],"replies":[{"embeddable":true,"href":"https:\/\/vasanna.shop\/co\/wp-json\/wp\/v2\/comments?post=5"}],"version-history":[{"count":5,"href":"https:\/\/vasanna.shop\/co\/wp-json\/wp\/v2\/pages\/5\/revisions"}],"predecessor-version":[{"id":1314,"href":"https:\/\/vasanna.shop\/co\/wp-json\/wp\/v2\/pages\/5\/revisions\/1314"}],"wp:attachment":[{"href":"https:\/\/vasanna.shop\/co\/wp-json\/wp\/v2\/media?parent=5"}],"curies":[{"name":"wp","href":"https:\/\/api.w.org\/{rel}","templated":true}]}}