{"id":419,"date":"2024-05-07T13:03:01","date_gmt":"2024-05-07T18:03:01","guid":{"rendered":"https:\/\/vasanna.shop\/co\/?page_id=419"},"modified":"2024-05-07T13:09:17","modified_gmt":"2024-05-07T18:09:17","slug":"afiliados","status":"publish","type":"page","link":"https:\/\/vasanna.shop\/co\/afiliados\/","title":{"rendered":"Afiliados"},"content":{"rendered":"<a href=\"https:\/\/vasanna.shop\/co\/wp-login.php\" class=\"login\">Login<\/a>\n<p><b>\n<div class=\"yith-wcaf yith-wcaf-registration-form woocommerce\">\n\t\n\t\n\t\t\t\t<div class=\"forms-container \">\n\n\t\t\t\n\t\t\t\n\t\t\t\n\t\t\t\t\t\t\t\t\t<h2 class=\"register-title\">\n\t\t\t\t\t\tReg\u00edstrate\t\t\t\t\t<\/h2>\n\t\t\t\t\n\t\t\t\t<div class=\"register-form\">\n\t\t\t\t\t<form method=\"post\" class=\"register\">\n\n\t\t\t\t\t\t\t\t\t\t\t\t\t\t\t\t\t\t<p class=\"form-row validate-required\" id=\"profile_first_name_field\" data-priority=\"\"><label for=\"profile_first_name\" class=\"required_field\">First name&nbsp;<span class=\"required\" aria-hidden=\"true\">*<span class=\"js-custom-error-message\" style=\"display:none\"><t\/span><\/span><\/label><span class=\"woocommerce-input-wrapper\"><input type=\"text\" class=\"input-text \" name=\"first_name\" id=\"profile_first_name\" placeholder=\"\"  value=\"\" aria-required=\"true\" \/><\/span><\/p><p class=\"form-row validate-required\" id=\"profile_last_name_field\" data-priority=\"\"><label for=\"profile_last_name\" class=\"required_field\">Last name&nbsp;<span class=\"required\" aria-hidden=\"true\">*<span class=\"js-custom-error-message\" style=\"display:none\"><t\/span><\/span><\/label><span class=\"woocommerce-input-wrapper\"><input type=\"text\" class=\"input-text \" name=\"last_name\" id=\"profile_last_name\" placeholder=\"\"  value=\"\" aria-required=\"true\" \/><\/span><\/p><p class=\"form-row validate-required\" id=\"profile_email_field\" data-priority=\"\"><label for=\"profile_email\" class=\"required_field\">Email address&nbsp;<span class=\"required\" aria-hidden=\"true\">*<span class=\"js-custom-error-message\" style=\"display:none\"><t\/span><\/span><\/label><span class=\"woocommerce-input-wrapper\"><input type=\"email\" class=\"input-text \" name=\"email\" id=\"profile_email\" placeholder=\"\"  value=\"\" data-validation=\"email\" aria-required=\"true\" \/><\/span><\/p>\t\t\t<p class=\"form-row\">\n\t\t\t\t<span class=\"woocommerce-privacy-policy-text\">\n\t\t\t\t\tTus datos personales se utilizar\u00e1n para procesar tu pedido, mejorar tu experiencia en esta web, gestionar el acceso a tu cuenta y otros prop\u00f3sitos descritos en nuestra <a href=\"https:\/\/vasanna.shop\/co\/politica-de-privacidad\/\" class=\"woocommerce-privacy-policy-link\" target=\"_blank\">pol\u00edtica de privacidad<\/a>.\t\t\t\t<\/span>\n\t\t\t<\/p>\n\t\t\t<p class=\"form-row terms-label validate-required\" id=\"profile_terms_field\" data-priority=\"\"><span class=\"woocommerce-input-wrapper\"><label class=\"checkbox terms-label\" ><input type=\"checkbox\" name=\"terms\" id=\"profile_terms\" value=\"1\" class=\"input-checkbox \"  aria-required=\"true\" \/> I have read and agree to the website t\u00e9rminos y condiciones&nbsp;<span class=\"required\" aria-hidden=\"true\">*<span class=\"js-custom-error-message\" style=\"display:none\"><t\/span><\/span><\/label><\/span><\/p><p class=\"form-row validate-required\" id=\"profile_nombre-banco_field\" data-priority=\"\"><label for=\"profile_nombre-banco\" class=\"required_field\">Banco&nbsp;<span class=\"required\" aria-hidden=\"true\">*<span class=\"js-custom-error-message\" style=\"display:none\"><t\/span><\/span><\/label><span class=\"woocommerce-input-wrapper\"><input type=\"text\" class=\"input-text \" name=\"nombre-banco\" id=\"profile_nombre-banco\" placeholder=\"\"  value=\"\" aria-required=\"true\" \/><\/span><\/p><p class=\"form-row validate-required\" id=\"profile_nombre-cuenta_field\" data-priority=\"\"><label for=\"profile_nombre-cuenta\" class=\"required_field\">Nombre de cuenta&nbsp;<span class=\"required\" aria-hidden=\"true\">*<span class=\"js-custom-error-message\" style=\"display:none\"><t\/span><\/span><\/label><span class=\"woocommerce-input-wrapper\"><input type=\"text\" class=\"input-text \" name=\"nombre-cuenta\" id=\"profile_nombre-cuenta\" placeholder=\"\"  value=\"\" aria-required=\"true\" \/><\/span><\/p><p class=\"form-row validate-required\" id=\"profile_numero-cuenta_field\" data-priority=\"\"><label for=\"profile_numero-cuenta\" class=\"required_field\">N\u00famero de cuenta&nbsp;<span class=\"required\" aria-hidden=\"true\">*<span class=\"js-custom-error-message\" style=\"display:none\"><t\/span><\/span><\/label><span class=\"woocommerce-input-wrapper\"><input type=\"text\" class=\"input-text \" name=\"numero-cuenta\" id=\"profile_numero-cuenta\" placeholder=\"\"  value=\"\" aria-required=\"true\" \/><\/span><\/p><p class=\"form-row validate-required\" id=\"profile_tipo-de-cuenta_field\" data-priority=\"\"><label for=\"profile_tipo-de-cuenta\" class=\"required_field\">Tipo de cuenta&nbsp;<abbr class=\"required\" title=\"necesario\">*<\/abbr><\/label><span class=\"woocommerce-input-wrapper\"><select name=\"tipo-de-cuenta\" id=\"profile_tipo-de-cuenta\" class=\"select \" aria-required=\"true\" data-placeholder=\"\"><option value=\"Corriente\" >Corriente<\/option><option value=\"Ahorro\" >Ahorro<\/option><\/select><span class=\"js-custom-error-message\" style=\"display:none\"><t\/span><\/span><\/p>\t\t\t\t\t\t<wc-order-attribution-inputs><\/wc-order-attribution-inputs>\n\t\t\t\t\t\t<p class=\"form-row\">\n\t\t\t\t\t\t\t<input type=\"hidden\" id=\"woocommerce-register-nonce\" name=\"woocommerce-register-nonce\" value=\"a908b55110\" \/><input type=\"hidden\" name=\"_wp_http_referer\" value=\"\/co\/wp-json\/wp\/v2\/pages\/419\" \/>\t\t\t\t\t\t\t<input type=\"hidden\" id=\"register_affiliate\" name=\"register_affiliate\" value=\"25ad5c4b22\" \/>\n\t\t\t\t\t\t\t<input type=\"submit\" class=\"button\" name=\"register\" value=\"Reg\u00edstrate\"\/>\n\t\t\t\t\t\t<\/p>\n\n\t\t\t\t\t\t\n\t\t\t\t\t<\/form>\n\t\t\t\t<\/div>\n\n\t\t\t\n\t\t\t\n\t\t<\/div>\n\n\t<\/div>\n<\/b><\/p>\n","protected":false},"excerpt":{"rendered":"Login Reg\u00edstrate First name&nbsp;*Last name&nbsp;*Email address&nbsp;* Tus datos personales se utilizar\u00e1n para procesar tu pedido, mejorar tu experiencia en esta web, gestionar el acceso a tu cuenta y otros prop\u00f3sitos descritos en nuestra pol\u00edtica de privacidad. I have read and agree to the website t\u00e9rminos y condiciones&nbsp;*Banco&nbsp;*Nombre de cuenta&nbsp;*N\u00famero de cuenta&nbsp;*Tipo de cuenta&nbsp;*CorrienteAhorro","protected":false},"author":1,"featured_media":0,"parent":0,"menu_order":0,"comment_status":"closed","ping_status":"closed","template":"","meta":{"_acf_changed":false,"iawp_total_views":7,"footnotes":""},"class_list":["post-419","page","type-page","status-publish","hentry","entry","no-media"],"acf":[],"yoast_head":"<!-- This site is optimized with the Yoast SEO plugin v27.5 - https:\/\/yoast.com\/product\/yoast-seo-wordpress\/ -->\n<title>Afiliados - Vasanna Colombia<\/title>\n<meta name=\"robots\" content=\"index, follow, max-snippet:-1, max-image-preview:large, max-video-preview:-1\" \/>\n<link rel=\"canonical\" href=\"https:\/\/vasanna.shop\/co\/afiliados\/\" \/>\n<meta property=\"og:locale\" content=\"es_ES\" \/>\n<meta property=\"og:type\" content=\"article\" \/>\n<meta property=\"og:title\" content=\"Afiliados - Vasanna Colombia\" \/>\n<meta property=\"og:url\" content=\"https:\/\/vasanna.shop\/co\/afiliados\/\" \/>\n<meta property=\"og:site_name\" content=\"Vasanna Colombia\" \/>\n<meta property=\"article:modified_time\" content=\"2024-05-07T18:09:17+00:00\" \/>\n<meta name=\"twitter:card\" content=\"summary_large_image\" \/>\n<script type=\"application\/ld+json\" class=\"yoast-schema-graph\">{\"@context\":\"https:\\\/\\\/schema.org\",\"@graph\":[{\"@type\":\"WebPage\",\"@id\":\"https:\\\/\\\/vasanna.shop\\\/co\\\/afiliados\\\/\",\"url\":\"https:\\\/\\\/vasanna.shop\\\/co\\\/afiliados\\\/\",\"name\":\"Afiliados - Vasanna Colombia\",\"isPartOf\":{\"@id\":\"https:\\\/\\\/vasanna.shop\\\/co\\\/#website\"},\"datePublished\":\"2024-05-07T18:03:01+00:00\",\"dateModified\":\"2024-05-07T18:09:17+00:00\",\"breadcrumb\":{\"@id\":\"https:\\\/\\\/vasanna.shop\\\/co\\\/afiliados\\\/#breadcrumb\"},\"inLanguage\":\"es\",\"potentialAction\":[{\"@type\":\"ReadAction\",\"target\":[\"https:\\\/\\\/vasanna.shop\\\/co\\\/afiliados\\\/\"]}]},{\"@type\":\"BreadcrumbList\",\"@id\":\"https:\\\/\\\/vasanna.shop\\\/co\\\/afiliados\\\/#breadcrumb\",\"itemListElement\":[{\"@type\":\"ListItem\",\"position\":1,\"name\":\"Portada\",\"item\":\"https:\\\/\\\/vasanna.shop\\\/co\\\/\"},{\"@type\":\"ListItem\",\"position\":2,\"name\":\"Afiliados\"}]},{\"@type\":\"WebSite\",\"@id\":\"https:\\\/\\\/vasanna.shop\\\/co\\\/#website\",\"url\":\"https:\\\/\\\/vasanna.shop\\\/co\\\/\",\"name\":\"Vasanna Colombia\",\"description\":\"\",\"publisher\":{\"@id\":\"https:\\\/\\\/vasanna.shop\\\/co\\\/#organization\"},\"potentialAction\":[{\"@type\":\"SearchAction\",\"target\":{\"@type\":\"EntryPoint\",\"urlTemplate\":\"https:\\\/\\\/vasanna.shop\\\/co\\\/?s={search_term_string}\"},\"query-input\":{\"@type\":\"PropertyValueSpecification\",\"valueRequired\":true,\"valueName\":\"search_term_string\"}}],\"inLanguage\":\"es\"},{\"@type\":\"Organization\",\"@id\":\"https:\\\/\\\/vasanna.shop\\\/co\\\/#organization\",\"name\":\"Vasanna Colombia\",\"url\":\"https:\\\/\\\/vasanna.shop\\\/co\\\/\",\"logo\":{\"@type\":\"ImageObject\",\"inLanguage\":\"es\",\"@id\":\"https:\\\/\\\/vasanna.shop\\\/co\\\/#\\\/schema\\\/logo\\\/image\\\/\",\"url\":\"https:\\\/\\\/vasanna.shop\\\/co\\\/wp-content\\\/uploads\\\/sites\\\/2\\\/2024\\\/02\\\/logo-vasanna.png\",\"contentUrl\":\"https:\\\/\\\/vasanna.shop\\\/co\\\/wp-content\\\/uploads\\\/sites\\\/2\\\/2024\\\/02\\\/logo-vasanna.png\",\"width\":201,\"height\":24,\"caption\":\"Vasanna Colombia\"},\"image\":{\"@id\":\"https:\\\/\\\/vasanna.shop\\\/co\\\/#\\\/schema\\\/logo\\\/image\\\/\"}}]}<\/script>\n<!-- \/ Yoast SEO plugin. -->","yoast_head_json":{"title":"Afiliados - Vasanna Colombia","robots":{"index":"index","follow":"follow","max-snippet":"max-snippet:-1","max-image-preview":"max-image-preview:large","max-video-preview":"max-video-preview:-1"},"canonical":"https:\/\/vasanna.shop\/co\/afiliados\/","og_locale":"es_ES","og_type":"article","og_title":"Afiliados - Vasanna Colombia","og_url":"https:\/\/vasanna.shop\/co\/afiliados\/","og_site_name":"Vasanna Colombia","article_modified_time":"2024-05-07T18:09:17+00:00","twitter_card":"summary_large_image","schema":{"@context":"https:\/\/schema.org","@graph":[{"@type":"WebPage","@id":"https:\/\/vasanna.shop\/co\/afiliados\/","url":"https:\/\/vasanna.shop\/co\/afiliados\/","name":"Afiliados - Vasanna Colombia","isPartOf":{"@id":"https:\/\/vasanna.shop\/co\/#website"},"datePublished":"2024-05-07T18:03:01+00:00","dateModified":"2024-05-07T18:09:17+00:00","breadcrumb":{"@id":"https:\/\/vasanna.shop\/co\/afiliados\/#breadcrumb"},"inLanguage":"es","potentialAction":[{"@type":"ReadAction","target":["https:\/\/vasanna.shop\/co\/afiliados\/"]}]},{"@type":"BreadcrumbList","@id":"https:\/\/vasanna.shop\/co\/afiliados\/#breadcrumb","itemListElement":[{"@type":"ListItem","position":1,"name":"Portada","item":"https:\/\/vasanna.shop\/co\/"},{"@type":"ListItem","position":2,"name":"Afiliados"}]},{"@type":"WebSite","@id":"https:\/\/vasanna.shop\/co\/#website","url":"https:\/\/vasanna.shop\/co\/","name":"Vasanna Colombia","description":"","publisher":{"@id":"https:\/\/vasanna.shop\/co\/#organization"},"potentialAction":[{"@type":"SearchAction","target":{"@type":"EntryPoint","urlTemplate":"https:\/\/vasanna.shop\/co\/?s={search_term_string}"},"query-input":{"@type":"PropertyValueSpecification","valueRequired":true,"valueName":"search_term_string"}}],"inLanguage":"es"},{"@type":"Organization","@id":"https:\/\/vasanna.shop\/co\/#organization","name":"Vasanna Colombia","url":"https:\/\/vasanna.shop\/co\/","logo":{"@type":"ImageObject","inLanguage":"es","@id":"https:\/\/vasanna.shop\/co\/#\/schema\/logo\/image\/","url":"https:\/\/vasanna.shop\/co\/wp-content\/uploads\/sites\/2\/2024\/02\/logo-vasanna.png","contentUrl":"https:\/\/vasanna.shop\/co\/wp-content\/uploads\/sites\/2\/2024\/02\/logo-vasanna.png","width":201,"height":24,"caption":"Vasanna Colombia"},"image":{"@id":"https:\/\/vasanna.shop\/co\/#\/schema\/logo\/image\/"}}]}},"_links":{"self":[{"href":"https:\/\/vasanna.shop\/co\/wp-json\/wp\/v2\/pages\/419","targetHints":{"allow":["GET"]}}],"collection":[{"href":"https:\/\/vasanna.shop\/co\/wp-json\/wp\/v2\/pages"}],"about":[{"href":"https:\/\/vasanna.shop\/co\/wp-json\/wp\/v2\/types\/page"}],"author":[{"embeddable":true,"href":"https:\/\/vasanna.shop\/co\/wp-json\/wp\/v2\/users\/1"}],"replies":[{"embeddable":true,"href":"https:\/\/vasanna.shop\/co\/wp-json\/wp\/v2\/comments?post=419"}],"version-history":[{"count":3,"href":"https:\/\/vasanna.shop\/co\/wp-json\/wp\/v2\/pages\/419\/revisions"}],"predecessor-version":[{"id":422,"href":"https:\/\/vasanna.shop\/co\/wp-json\/wp\/v2\/pages\/419\/revisions\/422"}],"wp:attachment":[{"href":"https:\/\/vasanna.shop\/co\/wp-json\/wp\/v2\/media?parent=419"}],"curies":[{"name":"wp","href":"https:\/\/api.w.org\/{rel}","templated":true}]}}